{"id":613,"date":"2019-02-12T09:16:59","date_gmt":"2019-02-12T08:16:59","guid":{"rendered":"http:\/\/concerned-coyote.w5.wpsandbox.pro\/?page_id=613"},"modified":"2021-05-10T09:00:10","modified_gmt":"2021-05-10T07:00:10","slug":"o-nas","status":"publish","type":"page","link":"https:\/\/www.agropak.info\/","title":{"rendered":"O nas"},"content":{"rendered":"\t\t<div data-elementor-type=\"wp-post\" data-elementor-id=\"613\" class=\"elementor elementor-613\" data-elementor-settings=\"[]\">\n\t\t\t\t\t\t<div class=\"elementor-inner\">\n\t\t\t\t\t\t\t<div class=\"elementor-section-wrap\">\n\t\t\t\t\t\t\t<section class=\"elementor-section elementor-top-section elementor-element elementor-element-5def32f elementor-section-boxed elementor-section-height-default elementor-section-height-default\" data-id=\"5def32f\" data-element_type=\"section\">\n\t\t\t\t\t\t<div class=\"elementor-container elementor-column-gap-default\">\n\t\t\t\t\t\t\t<div class=\"elementor-row\">\n\t\t\t\t\t<div class=\"elementor-column elementor-col-100 elementor-top-column elementor-element elementor-element-b14b778\" data-id=\"b14b778\" data-element_type=\"column\">\n\t\t\t<div class=\"elementor-column-wrap elementor-element-populated\">\n\t\t\t\t\t\t\t<div class=\"elementor-widget-wrap\">\n\t\t\t\t\t\t<div class=\"elementor-element elementor-element-9ff782e elementor-pagination-position-outside elementor-widget elementor-widget-image-carousel\" data-id=\"9ff782e\" data-element_type=\"widget\" data-settings=\"{&quot;navigation&quot;:&quot;dots&quot;,&quot;image_spacing_custom&quot;:{&quot;unit&quot;:&quot;px&quot;,&quot;size&quot;:40,&quot;sizes&quot;:[]},&quot;autoplay&quot;:&quot;yes&quot;,&quot;pause_on_hover&quot;:&quot;yes&quot;,&quot;pause_on_interaction&quot;:&quot;yes&quot;,&quot;autoplay_speed&quot;:5000,&quot;infinite&quot;:&quot;yes&quot;,&quot;speed&quot;:500}\" data-widget_type=\"image-carousel.default\">\n\t\t\t\t<div class=\"elementor-widget-container\">\n\t\t\t\t\t<div class=\"elementor-image-carousel-wrapper swiper-container\" dir=\"ltr\">\n\t\t\t<div class=\"elementor-image-carousel swiper-wrapper swiper-image-stretch\">\n\t\t\t\t<div class=\"swiper-slide\"><figure class=\"swiper-slide-inner\"><img class=\"swiper-slide-image\" src=\"https:\/\/www.agropak.info\/wp-content\/uploads\/2020\/08\/1.png\" alt=\"1\" \/><\/figure><\/div><div class=\"swiper-slide\"><figure class=\"swiper-slide-inner\"><img class=\"swiper-slide-image\" src=\"https:\/\/www.agropak.info\/wp-content\/uploads\/2020\/08\/2.png\" alt=\"2\" \/><\/figure><\/div><div class=\"swiper-slide\"><figure class=\"swiper-slide-inner\"><img class=\"swiper-slide-image\" src=\"https:\/\/www.agropak.info\/wp-content\/uploads\/2020\/08\/3.png\" alt=\"3\" \/><\/figure><\/div><div class=\"swiper-slide\"><figure class=\"swiper-slide-inner\"><img class=\"swiper-slide-image\" src=\"https:\/\/www.agropak.info\/wp-content\/uploads\/2020\/08\/4.png\" alt=\"4\" \/><\/figure><\/div>\t\t\t<\/div>\n\t\t\t\t\t\t\t\t\t\t\t\t<div class=\"swiper-pagination\"><\/div>\n\t\t\t\t\t\t\t\t\t\t\t\t\t<\/div>\n\t\t\t\t<\/div>\n\t\t\t\t<\/div>\n\t\t\t\t\t\t<\/div>\n\t\t\t\t\t<\/div>\n\t\t<\/div>\n\t\t\t\t\t\t\t\t<\/div>\n\t\t\t\t\t<\/div>\n\t\t<\/section>\n\t\t\t\t<section class=\"elementor-section elementor-top-section elementor-element elementor-element-36d58428 elementor-section-content-middle elementor-section-boxed elementor-section-height-default elementor-section-height-default\" data-id=\"36d58428\" data-element_type=\"section\" data-settings=\"{&quot;background_background&quot;:&quot;classic&quot;}\">\n\t\t\t\t\t\t<div class=\"elementor-container elementor-column-gap-default\">\n\t\t\t\t\t\t\t<div class=\"elementor-row\">\n\t\t\t\t\t<div class=\"elementor-column elementor-col-100 elementor-top-column elementor-element elementor-element-742f8c24\" data-id=\"742f8c24\" data-element_type=\"column\">\n\t\t\t<div class=\"elementor-column-wrap elementor-element-populated\">\n\t\t\t\t\t\t\t<div class=\"elementor-widget-wrap\">\n\t\t\t\t\t\t<div class=\"elementor-element elementor-element-3c55cfcf elementor-widget elementor-widget-heading\" data-id=\"3c55cfcf\" data-element_type=\"widget\" data-widget_type=\"heading.default\">\n\t\t\t\t<div class=\"elementor-widget-container\">\n\t\t\t<h2 class=\"elementor-heading-title elementor-size-default\">O nas<\/h2>\t\t<\/div>\n\t\t\t\t<\/div>\n\t\t\t\t<div class=\"elementor-element elementor-element-5e752d98 elementor-widget elementor-widget-text-editor\" data-id=\"5e752d98\" data-element_type=\"widget\" data-widget_type=\"text-editor.default\">\n\t\t\t\t<div class=\"elementor-widget-container\">\n\t\t\t\t\t\t\t\t<div class=\"elementor-text-editor elementor-clearfix\">\n\t\t\t\t\t<h5><span style=\"color: #224a30; font-family: Bookman Old Style, serif;\">Firma Produkcyjno Handlowa AGROPAK to rodzinna firma, kt\u00f3rej pocz\u0105tki si\u0119gaj\u0105 roku 2002.\u00a0 Od tamtej pory nasza dzia\u0142alno\u015b\u0107 oparta jest na skupie i konfekcjonowaniu p\u0142od\u00f3w rolnych, g\u0142\u00f3wnie fasoli.<\/span><\/h5><p><span style=\"color: #224a30; font-family: Bookman Old Style, serif;\">Z roku na rok zdobywali\u015bmy zaufanie coraz wi\u0119kszej liczby Klient\u00f3w, dzi\u0119ki temu mogli\u015bmy budowa\u0107 nasz\u0105 stabiln\u0105 pozycj\u0119 na rynku. Zaopatrujemy w nasze produkty najwi\u0119ksze firmy przetw\u00f3rstwa owocowo-warzywnego.<\/span><\/p><p><span style=\"color: #224a30; font-family: Bookman Old Style, serif;\">Fasola, kt\u00f3r\u0105 przyjmujemy do naszego magazynu jest systematycznie badana metod\u0105 organoleptyczn\u0105 oraz metod\u0105 laboratoryjn\u0105.<\/span><\/p><p><span style=\"color: #224a30; font-family: Bookman Old Style, serif;\">AGROPAK to firma, kt\u00f3ra od pocz\u0105tk\u00f3w swojej dzia\u0142alno\u015bci stawia na rozw\u00f3j firmy oraz profesjonalizm w obs\u0142udze klienta. Ci\u0105g\u0142e inwestycje i dzia\u0142ania to podstawa naszej firmy.\u00a0 \u00a0Dzi\u0119ki wdro\u017conemu systemowi HACCP oraz unowocze\u015bnianiu parku maszynowego do czyszczenia i sortowania ziarna, jeste\u015bmy w stanie zapewni\u0107 wysok\u0105 jako\u015b\u0107 oferowanego przez nas produktu, na ka\u017cdym szczeblu procesu przetw\u00f3rczego jeste\u015bmy silnie zaanga\u017cowani, aby sprosta\u0107 wymaganiom Klient\u00f3w.<\/span><\/p><p><span style=\"color: #224a30; font-family: Bookman Old Style, serif;\">Posiadamy r\u00f3wnie\u017c w\u0142asne \u015brodki transportu i zapewniamy bezpo\u015bredni dow\u00f3z produktu do naszych odbiorc\u00f3w.\u00a0<\/span><\/p>\t\t\t\t\t<\/div>\n\t\t\t\t\t\t<\/div>\n\t\t\t\t<\/div>\n\t\t\t\t<div class=\"elementor-element elementor-element-c02bea9 elementor-widget elementor-widget-button\" data-id=\"c02bea9\" data-element_type=\"widget\" data-widget_type=\"button.default\">\n\t\t\t\t<div class=\"elementor-widget-container\">\n\t\t\t\t\t<div class=\"elementor-button-wrapper\">\n\t\t\t<a href=\"http:\/\/www.agropak.info\/index.php\/contact\/\" class=\"elementor-button-link elementor-button elementor-size-sm\" role=\"button\">\n\t\t\t\t\t\t<span class=\"elementor-button-content-wrapper\">\n\t\t\t\t\t\t<span class=\"elementor-button-text\">Zapraszamy do wsp\u00f3\u0142pracy<\/span>\n\t\t<\/span>\n\t\t\t\t\t<\/a>\n\t\t<\/div>\n\t\t\t\t<\/div>\n\t\t\t\t<\/div>\n\t\t\t\t\t\t<\/div>\n\t\t\t\t\t<\/div>\n\t\t<\/div>\n\t\t\t\t\t\t\t\t<\/div>\n\t\t\t\t\t<\/div>\n\t\t<\/section>\n\t\t\t\t<section class=\"elementor-section elementor-top-section elementor-element elementor-element-001d11e elementor-section-height-min-height elementor-section-boxed elementor-section-height-default elementor-section-items-middle\" data-id=\"001d11e\" data-element_type=\"section\" data-settings=\"{&quot;background_background&quot;:&quot;classic&quot;}\">\n\t\t\t\t\t\t\t<div class=\"elementor-background-overlay\"><\/div>\n\t\t\t\t\t\t\t<div class=\"elementor-container elementor-column-gap-default\">\n\t\t\t\t\t\t\t<div class=\"elementor-row\">\n\t\t\t\t\t\t\t\t\t<\/div>\n\t\t\t\t\t<\/div>\n\t\t<\/section>\n\t\t\t\t<section class=\"elementor-section elementor-top-section elementor-element elementor-element-78fdf050 elementor-section-boxed elementor-section-height-default elementor-section-height-default\" data-id=\"78fdf050\" data-element_type=\"section\" data-settings=\"{&quot;background_background&quot;:&quot;classic&quot;}\">\n\t\t\t\t\t\t<div class=\"elementor-container elementor-column-gap-default\">\n\t\t\t\t\t\t\t<div class=\"elementor-row\">\n\t\t\t\t\t<div class=\"elementor-column elementor-col-100 elementor-top-column elementor-element elementor-element-452e843\" data-id=\"452e843\" data-element_type=\"column\">\n\t\t\t<div class=\"elementor-column-wrap elementor-element-populated\">\n\t\t\t\t\t\t\t<div class=\"elementor-widget-wrap\">\n\t\t\t\t\t\t<div class=\"elementor-element elementor-element-48c6e72 elementor-widget elementor-widget-image\" data-id=\"48c6e72\" data-element_type=\"widget\" data-widget_type=\"image.default\">\n\t\t\t\t<div class=\"elementor-widget-container\">\n\t\t\t\t\t\t\t\t<div class=\"elementor-image\">\n\t\t\t\t\t\t\t\t\t\t\t\t<img width=\"449\" height=\"80\" src=\"https:\/\/www.agropak.info\/wp-content\/uploads\/2020\/08\/logo-agropak-02.png\" class=\"attachment-large size-large\" alt=\"\" loading=\"lazy\" srcset=\"https:\/\/www.agropak.info\/wp-content\/uploads\/2020\/08\/logo-agropak-02.png 449w, https:\/\/www.agropak.info\/wp-content\/uploads\/2020\/08\/logo-agropak-02-300x53.png 300w\" sizes=\"(max-width: 449px) 100vw, 449px\" \/>\t\t\t\t\t\t\t\t\t\t\t\t\t\t<\/div>\n\t\t\t\t\t\t<\/div>\n\t\t\t\t<\/div>\n\t\t\t\t\t\t<\/div>\n\t\t\t\t\t<\/div>\n\t\t<\/div>\n\t\t\t\t\t\t\t\t<\/div>\n\t\t\t\t\t<\/div>\n\t\t<\/section>\n\t\t\t\t\t\t<\/div>\n\t\t\t\t\t\t<\/div>\n\t\t\t\t\t<\/div>\n\t\t","protected":false},"excerpt":{"rendered":"<p>O nas Firma Produkcyjno Handlowa AGROPAK to rodzinna firma, kt\u00f3rej pocz\u0105tki si\u0119gaj\u0105 roku 2002.\u00a0 Od tamtej pory nasza dzia\u0142alno\u015b\u0107 oparta jest na skupie i konfekcjonowaniu p\u0142od\u00f3w rolnych, g\u0142\u00f3wnie fasoli. Z roku na rok zdobywali\u015bmy zaufanie coraz wi\u0119kszej liczby Klient\u00f3w, dzi\u0119ki temu mogli\u015bmy budowa\u0107 nasz\u0105 stabiln\u0105 pozycj\u0119 na rynku. Zaopatrujemy w nasze produkty najwi\u0119ksze firmy przetw\u00f3rstwa [&hellip;]<\/p>\n","protected":false},"author":1,"featured_media":0,"parent":0,"menu_order":0,"comment_status":"closed","ping_status":"closed","template":"elementor_header_footer","meta":[],"_links":{"self":[{"href":"https:\/\/www.agropak.info\/index.php\/wp-json\/wp\/v2\/pages\/613"}],"collection":[{"href":"https:\/\/www.agropak.info\/index.php\/wp-json\/wp\/v2\/pages"}],"about":[{"href":"https:\/\/www.agropak.info\/index.php\/wp-json\/wp\/v2\/types\/page"}],"author":[{"embeddable":true,"href":"https:\/\/www.agropak.info\/index.php\/wp-json\/wp\/v2\/users\/1"}],"replies":[{"embeddable":true,"href":"https:\/\/www.agropak.info\/index.php\/wp-json\/wp\/v2\/comments?post=613"}],"version-history":[{"count":11,"href":"https:\/\/www.agropak.info\/index.php\/wp-json\/wp\/v2\/pages\/613\/revisions"}],"predecessor-version":[{"id":1284,"href":"https:\/\/www.agropak.info\/index.php\/wp-json\/wp\/v2\/pages\/613\/revisions\/1284"}],"wp:attachment":[{"href":"https:\/\/www.agropak.info\/index.php\/wp-json\/wp\/v2\/media?parent=613"}],"curies":[{"name":"wp","href":"https:\/\/api.w.org\/{rel}","templated":true}]}}