{"id":544,"date":"2019-02-11T18:07:44","date_gmt":"2019-02-11T18:07:44","guid":{"rendered":"http:\/\/concerned-coyote.w5.wpsandbox.pro\/?page_id=544"},"modified":"2023-10-03T15:03:10","modified_gmt":"2023-10-03T13:03:10","slug":"single-project","status":"publish","type":"page","link":"https:\/\/www.agropak.info\/index.php\/single-project\/","title":{"rendered":"Kontakt"},"content":{"rendered":"\t\t<div data-elementor-type=\"wp-post\" data-elementor-id=\"544\" class=\"elementor elementor-544\" data-elementor-settings=\"[]\">\n\t\t\t\t\t\t<div class=\"elementor-inner\">\n\t\t\t\t\t\t\t<div class=\"elementor-section-wrap\">\n\t\t\t\t\t\t\t<section class=\"elementor-section elementor-top-section elementor-element elementor-element-5ce1b9e elementor-section-boxed elementor-section-height-default elementor-section-height-default\" data-id=\"5ce1b9e\" data-element_type=\"section\" data-settings=\"{&quot;background_background&quot;:&quot;classic&quot;}\">\n\t\t\t\t\t\t<div class=\"elementor-container elementor-column-gap-default\">\n\t\t\t\t\t\t\t<div class=\"elementor-row\">\n\t\t\t\t\t<div class=\"elementor-column elementor-col-50 elementor-top-column elementor-element elementor-element-b54985d\" data-id=\"b54985d\" data-element_type=\"column\">\n\t\t\t<div class=\"elementor-column-wrap elementor-element-populated\">\n\t\t\t\t\t\t\t<div class=\"elementor-widget-wrap\">\n\t\t\t\t\t\t<div class=\"elementor-element elementor-element-2c2fff5 elementor-widget elementor-widget-image\" data-id=\"2c2fff5\" data-element_type=\"widget\" data-widget_type=\"image.default\">\n\t\t\t\t<div class=\"elementor-widget-container\">\n\t\t\t\t\t\t\t\t<div class=\"elementor-image\">\n\t\t\t\t\t\t\t\t\t\t\t\t<img width=\"2560\" height=\"1440\" src=\"https:\/\/www.agropak.info\/wp-content\/uploads\/2020\/08\/621306-PNUBWB-810-scaled.jpg\" class=\"attachment-full size-full\" alt=\"\" loading=\"lazy\" srcset=\"https:\/\/www.agropak.info\/wp-content\/uploads\/2020\/08\/621306-PNUBWB-810-scaled.jpg 2560w, https:\/\/www.agropak.info\/wp-content\/uploads\/2020\/08\/621306-PNUBWB-810-300x169.jpg 300w, https:\/\/www.agropak.info\/wp-content\/uploads\/2020\/08\/621306-PNUBWB-810-1024x576.jpg 1024w, https:\/\/www.agropak.info\/wp-content\/uploads\/2020\/08\/621306-PNUBWB-810-768x432.jpg 768w, https:\/\/www.agropak.info\/wp-content\/uploads\/2020\/08\/621306-PNUBWB-810-1536x864.jpg 1536w, https:\/\/www.agropak.info\/wp-content\/uploads\/2020\/08\/621306-PNUBWB-810-2048x1152.jpg 2048w\" sizes=\"(max-width: 2560px) 100vw, 2560px\" \/>\t\t\t\t\t\t\t\t\t\t\t\t\t\t<\/div>\n\t\t\t\t\t\t<\/div>\n\t\t\t\t<\/div>\n\t\t\t\t\t\t<\/div>\n\t\t\t\t\t<\/div>\n\t\t<\/div>\n\t\t\t\t<div class=\"elementor-column elementor-col-50 elementor-top-column elementor-element elementor-element-5df6587\" data-id=\"5df6587\" data-element_type=\"column\">\n\t\t\t<div class=\"elementor-column-wrap elementor-element-populated\">\n\t\t\t\t\t\t\t<div class=\"elementor-widget-wrap\">\n\t\t\t\t\t\t<div class=\"elementor-element elementor-element-3e7559c elementor-widget elementor-widget-heading\" data-id=\"3e7559c\" data-element_type=\"widget\" data-widget_type=\"heading.default\">\n\t\t\t\t<div class=\"elementor-widget-container\">\n\t\t\t<h1 class=\"elementor-heading-title elementor-size-xl\">Kontakt<\/h1>\t\t<\/div>\n\t\t\t\t<\/div>\n\t\t\t\t<div class=\"elementor-element elementor-element-433813c elementor-widget-divider--view-line elementor-widget elementor-widget-divider\" data-id=\"433813c\" data-element_type=\"widget\" data-widget_type=\"divider.default\">\n\t\t\t\t<div class=\"elementor-widget-container\">\n\t\t\t\t\t<div class=\"elementor-divider\">\n\t\t\t<span class=\"elementor-divider-separator\">\n\t\t\t\t\t\t<\/span>\n\t\t<\/div>\n\t\t\t\t<\/div>\n\t\t\t\t<\/div>\n\t\t\t\t<div class=\"elementor-element elementor-element-80ea8fe elementor-widget elementor-widget-text-editor\" data-id=\"80ea8fe\" data-element_type=\"widget\" data-widget_type=\"text-editor.default\">\n\t\t\t\t<div class=\"elementor-widget-container\">\n\t\t\t\t\t\t\t\t<div class=\"elementor-text-editor elementor-clearfix\">\n\t\t\t\t\t<p><b>F.P.H. AGROPAK<br \/><\/b><span style=\"font-style: inherit; font-weight: inherit; color: var( --e-global-color-text ); font-family: var( --e-global-typography-text-font-family ), Sans-serif;\">Majdan 11<br \/><\/span><span style=\"font-style: inherit; font-weight: inherit; color: var( --e-global-color-text ); font-family: var( --e-global-typography-text-font-family ), Sans-serif;\">22-540 Do\u0142hobycz\u00f3w<br \/><\/span><span style=\"font-style: inherit; font-weight: inherit; color: var( --e-global-color-text ); font-family: var( --e-global-typography-text-font-family ), Sans-serif;\">Tel: 506\u00a0614\u00a0308, 725\u00a0790\u00a0516<br \/><\/span><span style=\"font-style: inherit; font-weight: inherit; color: var( --e-global-color-text ); font-family: var( --e-global-typography-text-font-family ), Sans-serif;\">e-mail: biuro.agropak@interia.pl<\/span><\/p>\t\t\t\t\t<\/div>\n\t\t\t\t\t\t<\/div>\n\t\t\t\t<\/div>\n\t\t\t\t<div class=\"elementor-element elementor-element-8ee63d7 elementor-widget elementor-widget-text-editor\" data-id=\"8ee63d7\" data-element_type=\"widget\" data-widget_type=\"text-editor.default\">\n\t\t\t\t<div class=\"elementor-widget-container\">\n\t\t\t\t\t\t\t\t<div class=\"elementor-text-editor elementor-clearfix\">\n\t\t\t\t\t<p><b>Dzia\u0142 zakupu i sprzeda\u017cy krajowej<br \/><\/b><span style=\"font-style: inherit; font-weight: inherit; color: var( --e-global-color-text ); font-family: var( --e-global-typography-text-font-family ), Sans-serif;\">Tel: + 48 506 614 308<br \/><\/span><span style=\"color: var( --e-global-color-text ); font-family: var( --e-global-typography-text-font-family ), Sans-serif; font-style: inherit; font-weight: inherit;\">E-mail: biuro.agropak@interia.pl<\/span><\/p><p><span style=\"font-weight: bold;\">Dzia\u0142 ksi\u0119gowo\u015bci i finans\u00f3w<br \/><\/span><span style=\"font-style: inherit; font-weight: inherit; color: var( --e-global-color-text ); font-family: var( --e-global-typography-text-font-family ), Sans-serif;\">Tel: + 48 725 790 516<br \/><\/span><span style=\"font-style: inherit; font-weight: inherit; color: var( --e-global-color-text ); font-family: var( --e-global-typography-text-font-family ), Sans-serif;\">E-mail: biuro.agropak@interia.pl<\/span><\/p><p><span style=\"font-weight: bold;\">Dzia\u0142 eksportu<br \/><\/span>Tel: + 48 695 224 007<br \/>E-mail: export@agropak.hub.pl<\/p>\t\t\t\t\t<\/div>\n\t\t\t\t\t\t<\/div>\n\t\t\t\t<\/div>\n\t\t\t\t\t\t<\/div>\n\t\t\t\t\t<\/div>\n\t\t<\/div>\n\t\t\t\t\t\t\t\t<\/div>\n\t\t\t\t\t<\/div>\n\t\t<\/section>\n\t\t\t\t\t\t<\/div>\n\t\t\t\t\t\t<\/div>\n\t\t\t\t\t<\/div>\n\t\t","protected":false},"excerpt":{"rendered":"<p>Kontakt F.P.H. AGROPAKMajdan 1122-540 Do\u0142hobycz\u00f3wTel: 506\u00a0614\u00a0308, 725\u00a0790\u00a0516e-mail: biuro.agropak@interia.pl Dzia\u0142 zakupu i sprzeda\u017cy krajowejTel: + 48 506 614 308E-mail: biuro.agropak@interia.pl Dzia\u0142 ksi\u0119gowo\u015bci i finans\u00f3wTel: + 48 725 790 516E-mail: biuro.agropak@interia.pl Dzia\u0142 eksportuTel: + 48 695 224 007E-mail: export@agropak.hub.pl<\/p>\n","protected":false},"author":1,"featured_media":0,"parent":0,"menu_order":0,"comment_status":"closed","ping_status":"closed","template":"elementor_header_footer","meta":[],"_links":{"self":[{"href":"https:\/\/www.agropak.info\/index.php\/wp-json\/wp\/v2\/pages\/544"}],"collection":[{"href":"https:\/\/www.agropak.info\/index.php\/wp-json\/wp\/v2\/pages"}],"about":[{"href":"https:\/\/www.agropak.info\/index.php\/wp-json\/wp\/v2\/types\/page"}],"author":[{"embeddable":true,"href":"https:\/\/www.agropak.info\/index.php\/wp-json\/wp\/v2\/users\/1"}],"replies":[{"embeddable":true,"href":"https:\/\/www.agropak.info\/index.php\/wp-json\/wp\/v2\/comments?post=544"}],"version-history":[{"count":22,"href":"https:\/\/www.agropak.info\/index.php\/wp-json\/wp\/v2\/pages\/544\/revisions"}],"predecessor-version":[{"id":1313,"href":"https:\/\/www.agropak.info\/index.php\/wp-json\/wp\/v2\/pages\/544\/revisions\/1313"}],"wp:attachment":[{"href":"https:\/\/www.agropak.info\/index.php\/wp-json\/wp\/v2\/media?parent=544"}],"curies":[{"name":"wp","href":"https:\/\/api.w.org\/{rel}","templated":true}]}}